{"id":165,"date":"2017-03-20T14:21:51","date_gmt":"2017-03-20T13:21:51","guid":{"rendered":"http:\/\/www.kommed.net\/?page_id=165"},"modified":"2018-05-20T19:14:37","modified_gmt":"2018-05-20T17:14:37","slug":"support","status":"publish","type":"page","link":"https:\/\/www.kommed.net\/?page_id=165","title":{"rendered":"Support"},"content":{"rendered":"<p>Mit der M\u00f6glichkeit der Fernwartung bieten wir Ihnen eine schnelle, direkte und kompetente Hilfe. Durch dieses Verfahren erm\u00f6glichen Sie es unseren Servicemitarbeitern, auf Ihren Computer zuzugreifen. So k\u00f6nnen Sie w\u00e4hrend des Servicetelefonats live am Bildschirm verfolgen, wie unser Servicemitarbeiter Ihnen Tipps gibt oder Ihnen neue L\u00f6sungswege vorzeigt. Allgemeine Schulungen zu unseren Produkten oder zu neuen Funktionen sind ebenfalls m\u00f6glich.<\/p>\n<p><a href=\"http:\/\/www.kommed.net\/?page_id=14\">zur Fernwartung<\/a><\/p>\n<p>&nbsp;<\/p>\n","protected":false},"excerpt":{"rendered":"<p>Mit der M\u00f6glichkeit der Fernwartung bieten wir Ihnen eine schnelle, direkte und kompetente Hilfe. Durch dieses Verfahren erm\u00f6glichen Sie es unseren Servicemitarbeitern, auf Ihren Computer zuzugreifen. So k\u00f6nnen Sie w\u00e4hrend des Servicetelefonats live am Bildschirm verfolgen, wie unser Servicemitarbeiter Ihnen Tipps gibt oder Ihnen neue L\u00f6sungswege vorzeigt. Allgemeine Schulungen zu unseren Produkten oder zu neuen [&hellip;]<\/p>\n","protected":false},"author":1,"featured_media":0,"parent":0,"menu_order":0,"comment_status":"closed","ping_status":"closed","template":"","meta":{"footnotes":""},"class_list":["post-165","page","type-page","status-publish","hentry"],"_links":{"self":[{"href":"https:\/\/www.kommed.net\/index.php?rest_route=\/wp\/v2\/pages\/165","targetHints":{"allow":["GET"]}}],"collection":[{"href":"https:\/\/www.kommed.net\/index.php?rest_route=\/wp\/v2\/pages"}],"about":[{"href":"https:\/\/www.kommed.net\/index.php?rest_route=\/wp\/v2\/types\/page"}],"author":[{"embeddable":true,"href":"https:\/\/www.kommed.net\/index.php?rest_route=\/wp\/v2\/users\/1"}],"replies":[{"embeddable":true,"href":"https:\/\/www.kommed.net\/index.php?rest_route=%2Fwp%2Fv2%2Fcomments&post=165"}],"version-history":[{"count":3,"href":"https:\/\/www.kommed.net\/index.php?rest_route=\/wp\/v2\/pages\/165\/revisions"}],"predecessor-version":[{"id":247,"href":"https:\/\/www.kommed.net\/index.php?rest_route=\/wp\/v2\/pages\/165\/revisions\/247"}],"wp:attachment":[{"href":"https:\/\/www.kommed.net\/index.php?rest_route=%2Fwp%2Fv2%2Fmedia&parent=165"}],"curies":[{"name":"wp","href":"https:\/\/api.w.org\/{rel}","templated":true}]}}