{"id":195,"date":"2017-03-20T19:17:42","date_gmt":"2017-03-20T18:17:42","guid":{"rendered":"http:\/\/www.kommed.net\/?page_id=195"},"modified":"2017-03-20T19:17:42","modified_gmt":"2017-03-20T18:17:42","slug":"archivierung-2","status":"publish","type":"page","link":"https:\/\/www.kommed.net\/?page_id=195","title":{"rendered":"Archivierung"},"content":{"rendered":"<p>Von der elektronischen Archivierung s\u00e4mtlicher Papierdokumente oder Faxe bis hin zur Anbindung an verschiedene Bildquellen \u2013 die mediDOK\u00ae Produktfamilie bietet seit \u00fcber 15 Jahren f\u00fcr die verschiedensten Anforderungen die passende L\u00f6sung.<\/p>\n<p>\u00dcber 11.000 verkaufte Systeme<br \/>\nMit \u00fcber 11.000 verkauften Systemen z\u00e4hlt das mediDOK\u00ae Bild- und Dokumentenarchiv zu den f\u00fchrenden Softwarel\u00f6sungen im Bereich der niedergelassenen \u00c4rzte, Ambulanzen und MVZs.<\/p>\n<p>Hohe Skalierbarkeit<br \/>\nSkalierbar vom einfachen Dokumentenarchiv bis hin zur PACS-L\u00f6sung \u2013 mediDOK\u00ae w\u00e4chst mit den Anforderungen der Kunden einfach mit.<\/p>\n<p>Den Anwender im Fokus<br \/>\nDie Anwender stehen bei uns im Mittelpunkt \u2013 ein Versprechen, das wir seit \u00fcber 15 Jahren halten und unsere Leitlinien auch in Zukunft pr\u00e4gt.<\/p>\n","protected":false},"excerpt":{"rendered":"<p>Von der elektronischen Archivierung s\u00e4mtlicher Papierdokumente oder Faxe bis hin zur Anbindung an verschiedene Bildquellen \u2013 die mediDOK\u00ae Produktfamilie bietet seit \u00fcber 15 Jahren f\u00fcr die verschiedensten Anforderungen die passende L\u00f6sung. \u00dcber 11.000 verkaufte Systeme Mit \u00fcber 11.000 verkauften Systemen z\u00e4hlt das mediDOK\u00ae Bild- und Dokumentenarchiv zu den f\u00fchrenden Softwarel\u00f6sungen im Bereich der niedergelassenen \u00c4rzte, [&hellip;]<\/p>\n","protected":false},"author":1,"featured_media":0,"parent":0,"menu_order":0,"comment_status":"closed","ping_status":"closed","template":"","meta":{"footnotes":""},"class_list":["post-195","page","type-page","status-publish","hentry"],"_links":{"self":[{"href":"https:\/\/www.kommed.net\/index.php?rest_route=\/wp\/v2\/pages\/195","targetHints":{"allow":["GET"]}}],"collection":[{"href":"https:\/\/www.kommed.net\/index.php?rest_route=\/wp\/v2\/pages"}],"about":[{"href":"https:\/\/www.kommed.net\/index.php?rest_route=\/wp\/v2\/types\/page"}],"author":[{"embeddable":true,"href":"https:\/\/www.kommed.net\/index.php?rest_route=\/wp\/v2\/users\/1"}],"replies":[{"embeddable":true,"href":"https:\/\/www.kommed.net\/index.php?rest_route=%2Fwp%2Fv2%2Fcomments&post=195"}],"version-history":[{"count":1,"href":"https:\/\/www.kommed.net\/index.php?rest_route=\/wp\/v2\/pages\/195\/revisions"}],"predecessor-version":[{"id":196,"href":"https:\/\/www.kommed.net\/index.php?rest_route=\/wp\/v2\/pages\/195\/revisions\/196"}],"wp:attachment":[{"href":"https:\/\/www.kommed.net\/index.php?rest_route=%2Fwp%2Fv2%2Fmedia&parent=195"}],"curies":[{"name":"wp","href":"https:\/\/api.w.org\/{rel}","templated":true}]}}