{"id":47,"date":"2017-02-17T00:51:52","date_gmt":"2017-02-16T23:51:52","guid":{"rendered":"http:\/\/kommed.net\/develop\/wordpress\/?page_id=47"},"modified":"2017-02-17T00:51:52","modified_gmt":"2017-02-16T23:51:52","slug":"unternehmen","status":"publish","type":"page","link":"https:\/\/www.kommed.net\/?page_id=47","title":{"rendered":"Unternehmen"},"content":{"rendered":"<p>Viele Unternehmen sind von einer zuverl\u00e4ssigen EDV abh\u00e4ngig. Eine sichere und effiziente Netzwerkinfrastruktur ist die beste Voraussetzung f\u00fcr kosteng\u00fcnstige Arbeitsabl\u00e4ufe.<\/p>\n<p>Ob ein Netzwerk neu aufgebaut oder ein bestehendes den neuen Erfordernissen angepasst werden soll:<\/p>\n<p>Sorgf\u00e4ltige und individuelle Planung im Vorfeld sind im Sinne einer kosteneffizienten L\u00f6sung unerl\u00e4sslich.<\/p>\n<p>Wir planen f\u00fcr Ihr Unternehmen Netzwerkinfrastrukturen mit hoher Leistungsf\u00e4higkeit. Dabei w\u00e4hlen wir aus der breiten Palette von Netzwerkprodukten die sich bereits in der Praxis bew\u00e4hrt haben und somit stabilen und zuverl\u00e4ssigen Betrieb gew\u00e4hrleisten. Wir schaffen Effizienz und Zuverl\u00e4ssigkeit in Ihrem Netzwerk!<\/p>\n<p>Sichern Sie Ihr Netzwerk!<\/p>\n<p>Aufbauend auf unseren Service bieten wir die Erstellung eines umfassenden, individuellen Sicherheitskonzepts an. Wir implementieren f\u00fcr Sie Produkte unterschiedlicher Hersteller und erm\u00f6glichen damit einen schnellen Weg zu Ihrem pers\u00f6nlichen Sicherheitsstandard.<\/p>\n","protected":false},"excerpt":{"rendered":"<p>Viele Unternehmen sind von einer zuverl\u00e4ssigen EDV abh\u00e4ngig. Eine sichere und effiziente Netzwerkinfrastruktur ist die beste Voraussetzung f\u00fcr kosteng\u00fcnstige Arbeitsabl\u00e4ufe. Ob ein Netzwerk neu aufgebaut oder ein bestehendes den neuen Erfordernissen angepasst werden soll: Sorgf\u00e4ltige und individuelle Planung im Vorfeld sind im Sinne einer kosteneffizienten L\u00f6sung unerl\u00e4sslich. Wir planen f\u00fcr Ihr Unternehmen Netzwerkinfrastrukturen mit hoher [&hellip;]<\/p>\n","protected":false},"author":1,"featured_media":0,"parent":0,"menu_order":0,"comment_status":"closed","ping_status":"closed","template":"","meta":{"footnotes":""},"class_list":["post-47","page","type-page","status-publish","hentry"],"_links":{"self":[{"href":"https:\/\/www.kommed.net\/index.php?rest_route=\/wp\/v2\/pages\/47","targetHints":{"allow":["GET"]}}],"collection":[{"href":"https:\/\/www.kommed.net\/index.php?rest_route=\/wp\/v2\/pages"}],"about":[{"href":"https:\/\/www.kommed.net\/index.php?rest_route=\/wp\/v2\/types\/page"}],"author":[{"embeddable":true,"href":"https:\/\/www.kommed.net\/index.php?rest_route=\/wp\/v2\/users\/1"}],"replies":[{"embeddable":true,"href":"https:\/\/www.kommed.net\/index.php?rest_route=%2Fwp%2Fv2%2Fcomments&post=47"}],"version-history":[{"count":0,"href":"https:\/\/www.kommed.net\/index.php?rest_route=\/wp\/v2\/pages\/47\/revisions"}],"wp:attachment":[{"href":"https:\/\/www.kommed.net\/index.php?rest_route=%2Fwp%2Fv2%2Fmedia&parent=47"}],"curies":[{"name":"wp","href":"https:\/\/api.w.org\/{rel}","templated":true}]}}